{"id":2037,"date":"2018-09-26T16:21:34","date_gmt":"2018-09-26T14:21:34","guid":{"rendered":"https:\/\/hubergut.ferienwohnungen-kleinarl.eu\/datenschutz\/"},"modified":"2020-04-08T13:06:17","modified_gmt":"2020-04-08T11:06:17","slug":"privacy-policy","status":"publish","type":"page","link":"https:\/\/www.hubergut.at\/en\/privacy-policy\/","title":{"rendered":"Privacy Policy"},"content":{"rendered":"<div class=\"vce-row-container\"><div class=\"vce-row vce-row--col-gap-30 vce-row-columns--top vce-row-content--top\" id=\"el-3644de81\" data-vce-do-apply=\"all el-3644de81\"><div class=\"vce-row-content\" data-vce-element-content=\"true\"><div class=\"vce-col vce-col--md-100p vce-col--xs-1 vce-col--xs-last vce-col--xs-first vce-col--sm-last vce-col--sm-first vce-col--md-last vce-col--lg-last vce-col--xl-last vce-col--md-first vce-col--lg-first vce-col--xl-first\" id=\"el-db1ecfa8\"><div class=\"vce-col-inner\" data-vce-do-apply=\"border margin background  el-db1ecfa8\"><div class=\"vce-col-content\" data-vce-element-content=\"true\" data-vce-do-apply=\"padding el-db1ecfa8\"><div class=\"vce-text-block\"><div class=\"vce-text-block-wrapper vce\" id=\"el-eff48e34\" data-vce-do-apply=\"all el-eff48e34\"><h1>Datenschutzerkl\u00e4rung<\/h1><\/div><\/div><\/div><\/div><\/div><\/div><\/div><\/div><div class=\"vce-row-container\"><div class=\"vce-row vce-row--col-gap-30 vce-row-columns--top vce-row-content--top\" id=\"el-cd2cd567\" data-vce-do-apply=\"all el-cd2cd567\"><div class=\"vce-row-content\" data-vce-element-content=\"true\"><div class=\"vce-col vce-col--md-auto vce-col--xs-1 vce-col--xs-last vce-col--xs-first vce-col--sm-last vce-col--sm-first vce-col--md-last vce-col--lg-last vce-col--xl-last vce-col--md-first vce-col--lg-first vce-col--xl-first\" id=\"el-7608aafd\"><div class=\"vce-col-inner\" data-vce-do-apply=\"border margin background  el-7608aafd\"><div class=\"vce-col-content\" data-vce-element-content=\"true\" data-vce-do-apply=\"padding el-7608aafd\"><div class=\"vce-text-block\"><div class=\"vce-text-block-wrapper vce\" id=\"el-bbd16771\" data-vce-do-apply=\"all el-bbd16771\"><p style=\"text-align: left;\">Verantwortlich f\u00fcr die Verarbeitung Ihrer personenbezogenen Daten auf unserer Website sind Theresia und Sepp Ebster, Sch\u00fcttstra\u00dfe 6, A-5550 Radstadt. Wir nehmen den Schutz Ihrer pers\u00f6nlichen Daten sehr ernst. Wir behandeln Ihre personenbezogenen Daten vertraulich und entsprechend der gesetzlichen Datenschutzvorschriften sowie dieser Datenschutzerkl\u00e4rung. Ihre Daten werden ohne Ihre ausdr\u00fcckliche Zustimmung nicht an andere Empf\u00e4nger weitergegeben.<\/p>\n<p>&nbsp;<\/p>\n<p style=\"text-align: left;\"><strong>\"Teilen\"-Buttons<\/strong><\/p>\n<p style=\"text-align: left;\">Unsere Website verf\u00fcgt auf machen Seiten \u00fcber Buttons zum Teilen der Seiteninhalte auf den Social Media-Plattformen Facebook, Twitter, Google Plus, Pinterest. Die Buttons sind im Sinn des Schutzes der personenbezogenen Daten unserer Websitebesucher ideal ausgestaltet, da das hinter den Buttons liegende Skript (Computerprogramm)&nbsp;<strong>keine personenbezogenen Daten<\/strong>&nbsp;erfasst oder verarbeitet. Websitebesucher, die unsere Seite teilen wollen, werden bei Klick auf die Buttons direkt auf die \u201eTeilen\u201c-Seiten der jeweiligen Social Media-Plattformen geleitet. Erst dort werden die zum Teilen der Seiteninhalte notwendigen Skripte geladen. Dabei gelten dann die vom Websitebesucher mit den jeweiligen Social Media-Plattformen vereinbarten Gesch\u00e4fts- und Datenschutzbedingungen. Genaue Informationen dar\u00fcber bieten die jeweiligen Plattformen&nbsp;<a href=\"https:\/\/www.facebook.com\/policy.php\" target=\"_blank\" rel=\"noopener noreferrer\">Facebook<\/a>,&nbsp;<a href=\"https:\/\/www.google.com\/intl\/de\/policies\/privacy\/\" target=\"_blank\" rel=\"noopener noreferrer\">Google Plus<\/a>,&nbsp;<a href=\"https:\/\/help.twitter.com\/de\/rules-and-policies\/twitter-rules\" target=\"_blank\" rel=\"noopener noreferrer\">Twitter<\/a>,&nbsp;<a href=\"https:\/\/policy.pinterest.com\/en\" target=\"_blank\" rel=\"noopener noreferrer\">Pinterest<\/a>.<\/p>\n<p>&nbsp;<\/p>\n<p style=\"text-align: left;\"><strong>Cookies<\/strong><\/p>\n<p style=\"text-align: left;\">Diese Website verwendet Cookies. Cookies machen Websites f\u00fcr den Benutzer benutzerfreundlicher und effizienter. Ein Cookie ist eine kleine Textdatei, die zur Speicherung von Informationen dient. Beim Besuch einer Website kann die Website auf dem Computer des Website-Besuchers ein Cookie platzieren. Besucht der Benutzer die Website sp\u00e4ter wieder, kann die Website die Daten des fr\u00fcher gespeicherten Cookies auslesen und so z.B. feststellen, ob der Benutzer die Website schon fr\u00fcher besucht hat und f\u00fcr welche Bereiche der Website sich der Benutzer besonders interessiert hat. Mehr Informationen zu Cookies erhalten Sie auf&nbsp;<a href=\"http:\/\/de.wikipedia.org\/wiki\/HTTP-Cookie\" target=\"_blank\" rel=\"noopener noreferrer\">WIKIPEDIA<\/a>.<\/p>\n<p>&nbsp;<\/p>\n<p style=\"text-align: left;\"><strong>\u00c4ndern der Cookie-Einstellungen<\/strong><br>Wie der Web-Browser mit Cookies umgeht, welche Cookies zugelassen oder abgelehnt werden, kann der Benutzer in den Einstellungen des Web-Browsers festlegen. Wo genau sich diese Einstellungen befinden, h\u00e4ngt vom jeweiligen Web-Browser ab. Detailinformationen dazu k\u00f6nnen \u00fcber die Hilfe-Funktion des jeweiligen Web-Browsers aufgerufen werden. Wenn die Nutzung von Cookies eingeschr\u00e4nkt wird, sind unter Umst\u00e4nden nicht mehr alle Funktionen dieser Website vollumf\u00e4nglich nutzbar.<\/p>\n<p>&nbsp;<\/p>\n<p style=\"text-align: left;\"><strong>Cookies auf unserer Website<\/strong><br>Unsere Website verwendet folgende Anbieter:<br>Google Adwords<br>Matomo<\/p>\n<p>&nbsp;<\/p>\n<p style=\"text-align: left;\"><strong>Ihre Rechte<\/strong><\/p>\n<p style=\"text-align: left;\">Sie haben das Recht auf Auskunft, Berichtigung, L\u00f6schung und Einschr\u00e4nkung der Verarbeitung der personenbezogenen Daten sowie das Recht auf Daten\u00fcbertragbarkeit. Sie haben das Recht auf Widerruf eventuell erteilter Einwilligungen zur Verarbeitung Ihrer personenbezogenen Daten. Die Rechtm\u00e4\u00dfigkeit der Verarbeitung der personenbezogenen Daten bis zum Widerruf wird durch den Widerruf nicht ber\u00fchrt. Sie haben das Recht auf Widerspruch gegen die Verarbeitung Ihrer personenbezogenen Daten zum Zweck der Direktwerbung. Im Fall des Widerspruchs werden Ihre personenbezogenen Daten nicht mehr zum Zwecke der Direktwerbung verarbeitet. Weiters haben Sie das Recht auf Beschwerde bei der Aufsichtsbeh\u00f6rde (\u00d6sterreichische Datenschutzbeh\u00f6rde, Barichgasse 40-42, 1030 Wien,&nbsp;<a href=\"mailto:dsb@dsb.gv.at\">dsb@dsb.gv.at<\/a>).<\/p><\/div><\/div><\/div><\/div><\/div><\/div><\/div><\/div>\n","protected":false},"excerpt":{"rendered":"<p>Datenschutzerkl\u00e4rungVerantwortlich f\u00fcr die Verarbeitung Ihrer personenbezogenen Daten auf unserer Website sind Theresia und Sepp Ebster, Sch\u00fcttstra\u00dfe 6, A-5550 Radstadt. Wir nehmen den Schutz Ihrer pers\u00f6nlichen Daten sehr ernst. Wir behandeln Ihre personenbezogenen Daten vertraulich und entsprechend der gesetzlichen Datenschutzvorschriften sowie dieser Datenschutzerkl\u00e4rung. Ihre Daten werden ohne Ihre ausdr\u00fcckliche Zustimmung nicht an andere Empf\u00e4nger weitergegeben. &nbsp; [&hellip;]<\/p>\n","protected":false},"author":1,"featured_media":0,"parent":0,"menu_order":0,"comment_status":"closed","ping_status":"closed","template":"page-noheader.php","meta":{"_acf_changed":false,"footnotes":""},"class_list":["post-2037","page","type-page","status-publish","hentry"],"acf":[],"yoast_head":"<!-- This site is optimized with the Yoast SEO plugin v26.5 - https:\/\/yoast.com\/wordpress\/plugins\/seo\/ -->\n<title>Privacy Policy - Hubergut<\/title>\n<meta name=\"robots\" content=\"index, follow, max-snippet:-1, max-image-preview:large, max-video-preview:-1\" \/>\n<link rel=\"canonical\" href=\"https:\/\/www.hubergut.at\/en\/privacy-policy\/\" \/>\n<meta property=\"og:locale\" content=\"en_US\" \/>\n<meta property=\"og:type\" content=\"article\" \/>\n<meta property=\"og:title\" content=\"Privacy Policy - Hubergut\" \/>\n<meta property=\"og:description\" content=\"Datenschutzerkl\u00e4rungVerantwortlich f\u00fcr die Verarbeitung Ihrer personenbezogenen Daten auf unserer Website sind Theresia und Sepp Ebster, Sch\u00fcttstra\u00dfe 6, A-5550 Radstadt. Wir nehmen den Schutz Ihrer pers\u00f6nlichen Daten sehr ernst. Wir behandeln Ihre personenbezogenen Daten vertraulich und entsprechend der gesetzlichen Datenschutzvorschriften sowie dieser Datenschutzerkl\u00e4rung. Ihre Daten werden ohne Ihre ausdr\u00fcckliche Zustimmung nicht an andere Empf\u00e4nger weitergegeben. &nbsp; [&hellip;]\" \/>\n<meta property=\"og:url\" content=\"https:\/\/www.hubergut.at\/en\/privacy-policy\/\" \/>\n<meta property=\"og:site_name\" content=\"Hubergut\" \/>\n<meta property=\"article:modified_time\" content=\"2020-04-08T11:06:17+00:00\" \/>\n<meta name=\"twitter:card\" content=\"summary_large_image\" \/>\n<meta name=\"twitter:label1\" content=\"Est. reading time\" \/>\n\t<meta name=\"twitter:data1\" content=\"2 minutes\" \/>\n<script type=\"application\/ld+json\" class=\"yoast-schema-graph\">{\"@context\":\"https:\/\/schema.org\",\"@graph\":[{\"@type\":\"WebPage\",\"@id\":\"https:\/\/www.hubergut.at\/en\/privacy-policy\/\",\"url\":\"https:\/\/www.hubergut.at\/en\/privacy-policy\/\",\"name\":\"Privacy Policy - Hubergut\",\"isPartOf\":{\"@id\":\"https:\/\/www.hubergut.at\/en\/#website\"},\"datePublished\":\"2018-09-26T14:21:34+00:00\",\"dateModified\":\"2020-04-08T11:06:17+00:00\",\"breadcrumb\":{\"@id\":\"https:\/\/www.hubergut.at\/en\/privacy-policy\/#breadcrumb\"},\"inLanguage\":\"en-US\",\"potentialAction\":[{\"@type\":\"ReadAction\",\"target\":[\"https:\/\/www.hubergut.at\/en\/privacy-policy\/\"]}]},{\"@type\":\"BreadcrumbList\",\"@id\":\"https:\/\/www.hubergut.at\/en\/privacy-policy\/#breadcrumb\",\"itemListElement\":[{\"@type\":\"ListItem\",\"position\":1,\"name\":\"Startseite\",\"item\":\"https:\/\/www.hubergut.at\/en\/\"},{\"@type\":\"ListItem\",\"position\":2,\"name\":\"Privacy Policy\"}]},{\"@type\":\"WebSite\",\"@id\":\"https:\/\/www.hubergut.at\/en\/#website\",\"url\":\"https:\/\/www.hubergut.at\/en\/\",\"name\":\"Hubergut\",\"description\":\"\",\"potentialAction\":[{\"@type\":\"SearchAction\",\"target\":{\"@type\":\"EntryPoint\",\"urlTemplate\":\"https:\/\/www.hubergut.at\/en\/?s={search_term_string}\"},\"query-input\":{\"@type\":\"PropertyValueSpecification\",\"valueRequired\":true,\"valueName\":\"search_term_string\"}}],\"inLanguage\":\"en-US\"}]}<\/script>\n<!-- \/ Yoast SEO plugin. -->","yoast_head_json":{"title":"Privacy Policy - Hubergut","robots":{"index":"index","follow":"follow","max-snippet":"max-snippet:-1","max-image-preview":"max-image-preview:large","max-video-preview":"max-video-preview:-1"},"canonical":"https:\/\/www.hubergut.at\/en\/privacy-policy\/","og_locale":"en_US","og_type":"article","og_title":"Privacy Policy - Hubergut","og_description":"Datenschutzerkl\u00e4rungVerantwortlich f\u00fcr die Verarbeitung Ihrer personenbezogenen Daten auf unserer Website sind Theresia und Sepp Ebster, Sch\u00fcttstra\u00dfe 6, A-5550 Radstadt. Wir nehmen den Schutz Ihrer pers\u00f6nlichen Daten sehr ernst. Wir behandeln Ihre personenbezogenen Daten vertraulich und entsprechend der gesetzlichen Datenschutzvorschriften sowie dieser Datenschutzerkl\u00e4rung. Ihre Daten werden ohne Ihre ausdr\u00fcckliche Zustimmung nicht an andere Empf\u00e4nger weitergegeben. &nbsp; [&hellip;]","og_url":"https:\/\/www.hubergut.at\/en\/privacy-policy\/","og_site_name":"Hubergut","article_modified_time":"2020-04-08T11:06:17+00:00","twitter_card":"summary_large_image","twitter_misc":{"Est. reading time":"2 minutes"},"schema":{"@context":"https:\/\/schema.org","@graph":[{"@type":"WebPage","@id":"https:\/\/www.hubergut.at\/en\/privacy-policy\/","url":"https:\/\/www.hubergut.at\/en\/privacy-policy\/","name":"Privacy Policy - Hubergut","isPartOf":{"@id":"https:\/\/www.hubergut.at\/en\/#website"},"datePublished":"2018-09-26T14:21:34+00:00","dateModified":"2020-04-08T11:06:17+00:00","breadcrumb":{"@id":"https:\/\/www.hubergut.at\/en\/privacy-policy\/#breadcrumb"},"inLanguage":"en-US","potentialAction":[{"@type":"ReadAction","target":["https:\/\/www.hubergut.at\/en\/privacy-policy\/"]}]},{"@type":"BreadcrumbList","@id":"https:\/\/www.hubergut.at\/en\/privacy-policy\/#breadcrumb","itemListElement":[{"@type":"ListItem","position":1,"name":"Startseite","item":"https:\/\/www.hubergut.at\/en\/"},{"@type":"ListItem","position":2,"name":"Privacy Policy"}]},{"@type":"WebSite","@id":"https:\/\/www.hubergut.at\/en\/#website","url":"https:\/\/www.hubergut.at\/en\/","name":"Hubergut","description":"","potentialAction":[{"@type":"SearchAction","target":{"@type":"EntryPoint","urlTemplate":"https:\/\/www.hubergut.at\/en\/?s={search_term_string}"},"query-input":{"@type":"PropertyValueSpecification","valueRequired":true,"valueName":"search_term_string"}}],"inLanguage":"en-US"}]}},"_links":{"self":[{"href":"https:\/\/www.hubergut.at\/en\/wp-json\/wp\/v2\/pages\/2037","targetHints":{"allow":["GET"]}}],"collection":[{"href":"https:\/\/www.hubergut.at\/en\/wp-json\/wp\/v2\/pages"}],"about":[{"href":"https:\/\/www.hubergut.at\/en\/wp-json\/wp\/v2\/types\/page"}],"author":[{"embeddable":true,"href":"https:\/\/www.hubergut.at\/en\/wp-json\/wp\/v2\/users\/1"}],"replies":[{"embeddable":true,"href":"https:\/\/www.hubergut.at\/en\/wp-json\/wp\/v2\/comments?post=2037"}],"version-history":[{"count":0,"href":"https:\/\/www.hubergut.at\/en\/wp-json\/wp\/v2\/pages\/2037\/revisions"}],"wp:attachment":[{"href":"https:\/\/www.hubergut.at\/en\/wp-json\/wp\/v2\/media?parent=2037"}],"curies":[{"name":"wp","href":"https:\/\/api.w.org\/{rel}","templated":true}]}}