{"id":2036,"date":"2018-09-26T16:25:50","date_gmt":"2018-09-26T14:25:50","guid":{"rendered":"https:\/\/hubergut.ferienwohnungen-kleinarl.eu\/impressum\/"},"modified":"2020-05-20T10:50:32","modified_gmt":"2020-05-20T08:50:32","slug":"terms","status":"publish","type":"page","link":"https:\/\/www.hubergut.at\/en\/terms\/","title":{"rendered":"Terms"},"content":{"rendered":"<div class=\"vce-row-container\"><div class=\"vce-row vce-row--col-gap-30 vce-row-columns--top vce-row-content--top\" id=\"el-a09a8f47\" data-vce-do-apply=\"all el-a09a8f47\"><div class=\"vce-row-content\" data-vce-element-content=\"true\"><div class=\"vce-col vce-col--md-auto vce-col--xs-1 vce-col--xs-last vce-col--xs-first vce-col--sm-last vce-col--sm-first vce-col--md-last vce-col--lg-last vce-col--xl-last vce-col--md-first vce-col--lg-first vce-col--xl-first\" id=\"el-5aa8da2f\"><div class=\"vce-col-inner\" data-vce-do-apply=\"border margin background  el-5aa8da2f\"><div class=\"vce-col-content\" data-vce-element-content=\"true\" data-vce-do-apply=\"padding el-5aa8da2f\"><div class=\"vce-text-block\"><div class=\"vce-text-block-wrapper vce\" id=\"el-1d9233b9\" data-vce-do-apply=\"all el-1d9233b9\"><h1>Terms<\/h1><\/div><\/div><\/div><\/div><\/div><\/div><\/div><\/div><div class=\"vce-row-container\"><div class=\"vce-row vce-row--col-gap-30 vce-row-columns--top vce-row-content--top\" id=\"el-3894362d\" data-vce-do-apply=\"all el-3894362d\"><div class=\"vce-row-content\" data-vce-element-content=\"true\"><div class=\"vce-col vce-col--md-auto vce-col--xs-1 vce-col--xs-last vce-col--xs-first vce-col--sm-last vce-col--sm-first vce-col--md-last vce-col--lg-last vce-col--xl-last vce-col--md-first vce-col--lg-first vce-col--xl-first\" id=\"el-fb91e193\"><div class=\"vce-col-inner\" data-vce-do-apply=\"border margin background  el-fb91e193\"><div class=\"vce-col-content\" data-vce-element-content=\"true\" data-vce-do-apply=\"padding el-fb91e193\"><div class=\"vce-row-container\"><div class=\"vce-row vce-row--col-gap-30 vce-row-columns--top vce-row-content--top\" id=\"el-64738b25\" data-vce-do-apply=\"all el-64738b25\"><div class=\"vce-row-content\" data-vce-element-content=\"true\"><div class=\"vce-col vce-col--md-auto vce-col--xs-1 vce-col--xs-last vce-col--xs-first vce-col--sm-last vce-col--sm-first vce-col--md-first vce-col--lg-first vce-col--xl-first\" id=\"el-21ac61e8\"><div class=\"vce-col-inner\" data-vce-do-apply=\"border margin background  el-21ac61e8\"><div class=\"vce-col-content\" data-vce-element-content=\"true\" data-vce-do-apply=\"padding el-21ac61e8\"><div class=\"vce-text-block\"><div class=\"vce-text-block-wrapper vce\" id=\"el-31aab998\" data-vce-do-apply=\"all el-31aab998\"><h4 style=\"text-align: left;\">Website operator<\/h4><\/div><\/div><div class=\"vce-text-block\"><div class=\"vce-text-block-wrapper vce\" id=\"el-a5a6e060\" data-vce-do-apply=\"all el-a5a6e060\"><p style=\"text-align: left;\">Apartments Juche!<\/p>\n<p style=\"text-align: left;\">Theresia and Sepp Ebster<\/p>\n<p style=\"text-align: left;\">Sch\u00fcttstrasse 6<\/p>\n<p style=\"text-align: left;\">A-5550 Radstadt<\/p>\n<p style=\"text-align: left;\">Tel.&nbsp;<a href=\"tel:+436643003223\">+43 664 300 32 23<\/a><\/p>\n<p style=\"text-align: left;\"><a href=\"mailto:info@hubergut.at\">send email<\/a><\/p><\/div><\/div><div class=\"vce-text-block\"><div class=\"vce-text-block-wrapper vce\" id=\"el-a5989e8a\" data-vce-do-apply=\"all el-a5989e8a\"><p style=\"text-align: left;\"><a href=\"https:\/\/firmen.wko.at\/Web\/DetailsKontakt.aspx?FirmaID=6f2d240e-34e7-4834-ab09-f89b8744a402&amp;StandortID=1341&amp;StandortName=Radstadt+(Gemeinde)&amp;Suchbegriff=ebster&amp;Page=1\" target=\"_blank\" rel=\"noopener noreferrer\"><img decoding=\"async\" class=\"alignnone wp-image-386 size-full\" src=\"https:\/\/www.www.hubergut.at\/wp-content\/uploads\/visualcomposer-assets\/templates\/5caf2458a5659\/assets\/elements\/informationspflicht_logo_wko.jpg\" alt=\"WKO-Logo\" width=\"169\" height=\"23\"><\/a><\/p><\/div><\/div><\/div><\/div><\/div><div class=\"vce-col vce-col--md-auto vce-col--xs-1 vce-col--xs-last vce-col--xs-first vce-col--sm-last vce-col--sm-first\" id=\"el-23da9900\"><div class=\"vce-col-inner\" data-vce-do-apply=\"border margin background  el-23da9900\"><div class=\"vce-col-content\" data-vce-element-content=\"true\" data-vce-do-apply=\"padding el-23da9900\"><div class=\"vce-text-block\"><div class=\"vce-text-block-wrapper vce\" id=\"el-7fac768a\" data-vce-do-apply=\"all el-7fac768a\"><h4 style=\"text-align: left;\">Photo credits<\/h4><\/div><\/div><div class=\"vce-text-block\"><div class=\"vce-text-block-wrapper vce\" id=\"el-62dff63c\" data-vce-do-apply=\"all el-62dff63c\"><p style=\"text-align: left;\">Karl Strauch<\/p>\n<p style=\"text-align: left;\">Thomas Stiegler<\/p>\n<p style=\"text-align: left;\">Tourismusverband Radstadt<\/p>\n<p style=\"text-align: left;\">Tourismusverband Radstadt\/Lorenz Masser, Markus Rohrbacher, Hans Huber<\/p>\n<p style=\"text-align: left;\">Salzburger Sportwelt\/Coen Weesjes, Tom Lamm<\/p>\n<p style=\"text-align: left;\">Erlebnis-Therme Amad\u00e9<\/p>\n<p style=\"text-align: left;\">Golfclub Radstadt\/Armin Walcher<\/p>\n<p style=\"text-align: left;\">SalzburgerLand Tourismus<\/p>\n<p style=\"text-align: left;\">Shutterstock<\/p>\n<p style=\"text-align: left;\">Privat<\/p><\/div><\/div><\/div><\/div><\/div><div class=\"vce-col vce-col--md-auto vce-col--xs-1 vce-col--xs-last vce-col--xs-first vce-col--sm-last vce-col--sm-first vce-col--md-last vce-col--lg-last vce-col--xl-last\" id=\"el-f0cbeb81\"><div class=\"vce-col-inner\" data-vce-do-apply=\"border margin background  el-f0cbeb81\"><div class=\"vce-col-content\" data-vce-element-content=\"true\" data-vce-do-apply=\"padding el-f0cbeb81\"><div class=\"vce-text-block\"><div class=\"vce-text-block-wrapper vce\" id=\"el-599d0763\" data-vce-do-apply=\"all el-599d0763\"><h4 style=\"text-align: left;\">Concept, web design &amp; technical implementation&nbsp;<\/h4><\/div><\/div><div class=\"vce-text-block\"><div class=\"vce-text-block-wrapper vce\" id=\"el-a34ee121\" data-vce-do-apply=\"all el-a34ee121\"><p style=\"text-align: left;\">IMPULS Werbeagentur OG<\/p>\n<p style=\"text-align: left;\">Stadtplatz 11<\/p>\n<p style=\"text-align: left;\">A-5550 Radstadt<\/p>\n<div class=\"vc_row wpb_row vc_row-fluid\">\n<div class=\"wpb_column vc_column_container vc_col-sm-4\">\n<div class=\"vc_column-inner \">\n<div class=\"wpb_wrapper\">\n<div class=\"wpb_text_column wpb_content_element \">\n<div class=\"wpb_wrapper\">\n<p style=\"text-align: left;\"><a href=\"http:\/\/www.impuls-werbeagentur.at\/\" target=\"_blank\" rel=\"noopener noreferrer\">www.impuls-werbeagentur.at<\/a><\/p>\n<\/div>\n<\/div>\n<\/div>\n<\/div>\n<\/div>\n<\/div><\/div><\/div><\/div><\/div><\/div><\/div><\/div><\/div><div class=\"vce-text-block\"><div class=\"vce-text-block-wrapper vce\" id=\"el-8a94259a\" data-vce-do-apply=\"all el-8a94259a\"><p style=\"text-align: left;\">Diese Webseite wurde von der <a href=\"http:\/\/www.impuls-werbeagentur.at\/\" target=\"_blank\" rel=\"noopener noreferrer\">Full-Service Werbeagentur IMPULS<\/a> aus Radstadt im Pongau gestaltet, welche mit Leidenschaft erfolgreiche&nbsp;<a href=\"http:\/\/www.impuls-werbeagentur.at\/#leistungen\" target=\"_blank\" rel=\"noopener noreferrer\">Webauftritte<\/a>&nbsp;f\u00fcr Unternehmen in <a href=\"http:\/\/www.impuls-werbeagentur.at\/#agentur\" target=\"_blank\" rel=\"noopener noreferrer\">Tourismus<\/a>, <a href=\"http:\/\/www.impuls-werbeagentur.at\/#agentur\" target=\"_blank\" rel=\"noopener noreferrer\">Gastronomie<\/a>,<a href=\"http:\/\/www.impuls-werbeagentur.at\/#agentur\" target=\"_blank\" rel=\"noopener noreferrer\"> Handel &amp; Handwerk<\/a> kreiert und umsetzt. Weiters bietet IMPULS den Kunden <a href=\"http:\/\/www.impuls-werbeagentur.at\/#leistungen\" target=\"_blank\" rel=\"noopener noreferrer\">Printl\u00f6sungen<\/a>&nbsp;wie Gesch\u00e4ftsausstattungen, Inserate, Kataloge, Brosch\u00fcren und Flugbl\u00e4tter an. <a href=\"http:\/\/www.impuls-werbeagentur.at\/#leistungen\" target=\"_blank\" rel=\"noopener noreferrer\">Suchmaschinenoptimierung<\/a>, <a href=\"http:\/\/www.impuls-werbeagentur.at\/#leistungen\" target=\"_blank\" rel=\"noopener noreferrer\">Webshops<\/a>, <a href=\"http:\/\/www.impuls-werbeagentur.at\/#leistungen\" target=\"_blank\" rel=\"noopener noreferrer\">Social Marketing<\/a>, <a href=\"http:\/\/www.impuls-werbeagentur.at\/#leistungen\" target=\"_blank\" rel=\"noopener noreferrer\">Corporate Design<\/a>&nbsp;und <a href=\"http:\/\/www.impuls-werbeagentur.at\/#leistungen\" target=\"_blank\" rel=\"noopener noreferrer\">Outdoor Media<\/a> z\u00e4hlen ebenfalls zu den Kompetenzen der Werbeagentur im Pongau. Werfen Sie einen Blick in die <a href=\"http:\/\/www.impuls-werbeagentur.at\/websites\/\" target=\"_blank\" rel=\"noopener noreferrer\">Web-Referenzen<\/a>, <a href=\"http:\/\/www.impuls-werbeagentur.at\/drucksorten\/\" target=\"_blank\" rel=\"noopener noreferrer\">Druck-<\/a>und&nbsp;<a href=\"http:\/\/www.impuls-werbeagentur.at\/logos\/\" target=\"_blank\" rel=\"noopener noreferrer\">Logo-Referenzen<\/a> und \u00fcberzeugen Sie sich von den Qualit\u00e4ten.<\/p><\/div><\/div><\/div><\/div><\/div><\/div><\/div><\/div><div class=\"vce-row-container\"><div class=\"vce-row vce-row--col-gap-30 vce-row-columns--top vce-row-content--top\" id=\"el-4d36ee16\" data-vce-do-apply=\"all el-4d36ee16\"><div class=\"vce-row-content\" data-vce-element-content=\"true\"><div class=\"vce-col vce-col--md-auto vce-col--xs-1 vce-col--xs-last vce-col--xs-first vce-col--sm-last vce-col--sm-first vce-col--md-last vce-col--lg-last vce-col--xl-last vce-col--md-first vce-col--lg-first vce-col--xl-first\" id=\"el-a5a90f8f\"><div class=\"vce-col-inner\" data-vce-do-apply=\"border margin background  el-a5a90f8f\"><div class=\"vce-col-content\" data-vce-element-content=\"true\" data-vce-do-apply=\"padding el-a5a90f8f\"><div class=\"vce-text-block\"><div class=\"vce-text-block-wrapper vce\" id=\"el-fbffedc1\" data-vce-do-apply=\"all el-fbffedc1\"><h3>Haftungsausschluss<\/h3><\/div><\/div><div class=\"vce-text-block\"><div class=\"vce-text-block-wrapper vce\" id=\"el-8b6b9eba\" data-vce-do-apply=\"all el-8b6b9eba\"><p style=\"text-align: left;\"><strong>Inhalt des Onlineangebotes<\/strong><\/p>\n<p style=\"text-align: left;\">Der Autor \u00fcbernimmt keinerlei Gew\u00e4hr f\u00fcr die Aktualit\u00e4t, Korrektheit, Vollst\u00e4ndigkeit oder Qualit\u00e4t der bereitgestellten Informationen. Haftungsanspr\u00fcche gegen den Autor, welche sich auf Sch\u00e4den materieller oder ideeller Art beziehen, die durch die Nutzung oder Nichtnutzung der dargebotenen Informationen bzw. durch die Nutzung fehlerhafter und unvollst\u00e4ndiger Informationen verursacht wurden, sind grunds\u00e4tzlich ausgeschlossen, sofern seitens des Autors kein nachweislich vors\u00e4tzliches oder grob fahrl\u00e4ssiges Verschulden vorliegt. Alle Angebote sind freibleibend und unverbindlich.&nbsp; Der Autor beh\u00e4lt es sich ausdr\u00fccklich vor, Teile der Seiten oder das gesamte Angebot ohne gesonderte Ank\u00fcndigung zu ver\u00e4ndern, zu erg\u00e4nzen, zu l\u00f6schen oder die Ver\u00f6ffentlichung zeitweise oder endg\u00fcltig einzustellen.<\/p>\n<p style=\"text-align: left;\">&nbsp;<\/p>\n<p style=\"text-align: left;\"><strong>Verweise und Links<\/strong><\/p>\n<p style=\"text-align: left;\">Bei direkten oder indirekten Verweisen auf fremde Internetseiten (\u201cLinks\u201d), die au\u00dferhalb des Verantwortungsbereiches des Autors liegen, w\u00fcrde eine Haftungsverpflichtung ausschlie\u00dflich in dem Fall in Kraft treten, in dem der Autor von den Inhalten Kenntnis hat und es ihm technisch m\u00f6glich und zumutbar w\u00e4re, die Nutzung im Falle rechtswidriger Inhalte zu verhindern. Der Autor erkl\u00e4rt hiermit ausdr\u00fccklich, dass zum Zeitpunkt der Linksetzung keine illegalen Inhalte auf den zu verlinkenden Seiten erkennbar waren. Auf die aktuelle und zuk\u00fcnftige Gestaltung, die Inhalte oder die Urheberschaft der gelinkten\/verkn\u00fcpften Seiten hat der Autor keinerlei Einfluss. Deshalb distanziert er sich hiermit ausdr\u00fccklich von allen Inhalten aller gelinkten\/verkn\u00fcpften Seiten, die nach der Linksetzung ver\u00e4ndert wurden. Diese Feststellung gilt f\u00fcr alle innerhalb des eigenen Internetangebotes gesetzten Links und Verweise sowie f\u00fcr Fremdeintr\u00e4ge in vom Autor eingerichteten G\u00e4steb\u00fcchern, Diskussionsforen und Mailinglisten. F\u00fcr illegale, fehlerhafte oder unvollst\u00e4ndige Inhalte und insbesondere f\u00fcr Sch\u00e4den, die aus der Nutzung oder Nichtnutzung solcherart dargebotener Informationen entstehen, haftet allein der Anbieter der Seite, auf welche verwiesen wurde, nicht derjenige, der \u00fcber Links auf die jeweilige Ver\u00f6ffentlichung lediglich verweist.<\/p>\n<p style=\"text-align: left;\">&nbsp;<\/p>\n<p style=\"text-align: left;\"><strong>Urheber- und Kennzeichenrecht<\/strong><\/p>\n<p style=\"text-align: left;\">Der Autor ist bestrebt, in allen Publikationen die Urheberrechte der verwendeten Grafiken, Tondokumente, Videosequenzen und Texte zu beachten, von ihm selbst erstellte Grafiken, Tondokumente, Videosequenzen und Texte zu nutzen oder auf lizenzfreie Grafiken, Tondokumente, Videosequenzen und Texte zur\u00fcckzugreifen. Alle innerhalb des Internetangebotes genannten und ggf. durch Dritte gesch\u00fctzten Marken- und Warenzeichen unterliegen uneingeschr\u00e4nkt den Bestimmungen des jeweils g\u00fcltigen Kennzeichenrechts und den Besitzrechten der jeweiligen eingetragenen Eigent\u00fcmer. Allein aufgrund der blo\u00dfen Nennung ist nicht der Schluss zu ziehen, dass Markenzeichen nicht durch Rechte Dritter gesch\u00fctzt sind! Das Copyright f\u00fcr ver\u00f6ffentlichte, vom Autor selbst erstellte Objekte bleibt allein beim Autor der Seiten. Eine Vervielf\u00e4ltigung oder Verwendung solcher Grafiken, Tondokumente, Videosequenzen und Texte in anderen elektronischen oder gedruckten Publikationen ist ohne ausdr\u00fcckliche Zustimmung des Autors nicht gestattet.<\/p>\n<p style=\"text-align: left;\">&nbsp;<\/p>\n<p style=\"text-align: left;\"><strong>Rechtswirksamkeit dieses Haftungsausschlusses<\/strong><\/p>\n<p style=\"text-align: left;\">Dieser Haftungsausschluss ist als Teil des Internetangebotes zu betrachten, von dem aus auf diese Seite verwiesen wurde. Sofern Teile oder einzelne Formulierungen dieses Textes der geltenden Rechtslage nicht, nicht mehr oder nicht vollst\u00e4ndig entsprechen sollten, bleiben die \u00fcbrigen Teile des Dokumentes in ihrem Inhalt und ihrer G\u00fcltigkeit davon unber\u00fchrt.<\/p>\n<p style=\"text-align: left;\">&nbsp;<\/p>\n<p style=\"text-align: left;\"><strong>W3C<\/strong><\/p>\n<p style=\"text-align: left;\">Diese Homepage entspricht den Richtlinien der W3C.<\/p><\/div><\/div><\/div><\/div><\/div><\/div><\/div><\/div>\n","protected":false},"excerpt":{"rendered":"<p>TermsWebsite operatorApartments Juche! Theresia and Sepp Ebster Sch\u00fcttstrasse 6 A-5550 Radstadt Tel.&nbsp;+43 664 300 32 23 send emailPhoto creditsKarl Strauch Thomas Stiegler Tourismusverband Radstadt Tourismusverband Radstadt\/Lorenz Masser, Markus Rohrbacher, Hans Huber Salzburger Sportwelt\/Coen Weesjes, Tom Lamm Erlebnis-Therme Amad\u00e9 Golfclub Radstadt\/Armin Walcher SalzburgerLand Tourismus Shutterstock PrivatConcept, web design &amp; technical implementation&nbsp;IMPULS Werbeagentur OG Stadtplatz 11 A-5550 [&hellip;]<\/p>\n","protected":false},"author":1,"featured_media":0,"parent":0,"menu_order":0,"comment_status":"closed","ping_status":"closed","template":"page-noheader.php","meta":{"_acf_changed":false,"footnotes":""},"class_list":["post-2036","page","type-page","status-publish","hentry"],"acf":[],"yoast_head":"<!-- This site is optimized with the Yoast SEO plugin v26.5 - https:\/\/yoast.com\/wordpress\/plugins\/seo\/ -->\n<title>Terms - Hubergut<\/title>\n<meta name=\"robots\" content=\"index, follow, max-snippet:-1, max-image-preview:large, max-video-preview:-1\" \/>\n<link rel=\"canonical\" href=\"https:\/\/www.hubergut.at\/en\/terms\/\" \/>\n<meta property=\"og:locale\" content=\"en_US\" \/>\n<meta property=\"og:type\" content=\"article\" \/>\n<meta property=\"og:title\" content=\"Terms - Hubergut\" \/>\n<meta property=\"og:description\" content=\"TermsWebsite operatorApartments Juche! Theresia and Sepp Ebster Sch\u00fcttstrasse 6 A-5550 Radstadt Tel.&nbsp;+43 664 300 32 23 send emailPhoto creditsKarl Strauch Thomas Stiegler Tourismusverband Radstadt Tourismusverband Radstadt\/Lorenz Masser, Markus Rohrbacher, Hans Huber Salzburger Sportwelt\/Coen Weesjes, Tom Lamm Erlebnis-Therme Amad\u00e9 Golfclub Radstadt\/Armin Walcher SalzburgerLand Tourismus Shutterstock PrivatConcept, web design &amp; technical implementation&nbsp;IMPULS Werbeagentur OG Stadtplatz 11 A-5550 [&hellip;]\" \/>\n<meta property=\"og:url\" content=\"https:\/\/www.hubergut.at\/en\/terms\/\" \/>\n<meta property=\"og:site_name\" content=\"Hubergut\" \/>\n<meta property=\"article:modified_time\" content=\"2020-05-20T08:50:32+00:00\" \/>\n<meta property=\"og:image\" content=\"https:\/\/www.www.hubergut.at\/wp-content\/uploads\/visualcomposer-assets\/templates\/5caf2458a5659\/assets\/elements\/informationspflicht_logo_wko.jpg\" \/>\n<meta name=\"twitter:card\" content=\"summary_large_image\" \/>\n<meta name=\"twitter:label1\" content=\"Est. reading time\" \/>\n\t<meta name=\"twitter:data1\" content=\"3 minutes\" \/>\n<script type=\"application\/ld+json\" class=\"yoast-schema-graph\">{\"@context\":\"https:\/\/schema.org\",\"@graph\":[{\"@type\":\"WebPage\",\"@id\":\"https:\/\/www.hubergut.at\/en\/terms\/\",\"url\":\"https:\/\/www.hubergut.at\/en\/terms\/\",\"name\":\"Terms - Hubergut\",\"isPartOf\":{\"@id\":\"https:\/\/www.hubergut.at\/en\/#website\"},\"primaryImageOfPage\":{\"@id\":\"https:\/\/www.hubergut.at\/en\/terms\/#primaryimage\"},\"image\":{\"@id\":\"https:\/\/www.hubergut.at\/en\/terms\/#primaryimage\"},\"thumbnailUrl\":\"https:\/\/www.www.hubergut.at\/wp-content\/uploads\/visualcomposer-assets\/templates\/5caf2458a5659\/assets\/elements\/informationspflicht_logo_wko.jpg\",\"datePublished\":\"2018-09-26T14:25:50+00:00\",\"dateModified\":\"2020-05-20T08:50:32+00:00\",\"breadcrumb\":{\"@id\":\"https:\/\/www.hubergut.at\/en\/terms\/#breadcrumb\"},\"inLanguage\":\"en-US\",\"potentialAction\":[{\"@type\":\"ReadAction\",\"target\":[\"https:\/\/www.hubergut.at\/en\/terms\/\"]}]},{\"@type\":\"ImageObject\",\"inLanguage\":\"en-US\",\"@id\":\"https:\/\/www.hubergut.at\/en\/terms\/#primaryimage\",\"url\":\"https:\/\/www.www.hubergut.at\/wp-content\/uploads\/visualcomposer-assets\/templates\/5caf2458a5659\/assets\/elements\/informationspflicht_logo_wko.jpg\",\"contentUrl\":\"https:\/\/www.www.hubergut.at\/wp-content\/uploads\/visualcomposer-assets\/templates\/5caf2458a5659\/assets\/elements\/informationspflicht_logo_wko.jpg\"},{\"@type\":\"BreadcrumbList\",\"@id\":\"https:\/\/www.hubergut.at\/en\/terms\/#breadcrumb\",\"itemListElement\":[{\"@type\":\"ListItem\",\"position\":1,\"name\":\"Startseite\",\"item\":\"https:\/\/www.hubergut.at\/en\/\"},{\"@type\":\"ListItem\",\"position\":2,\"name\":\"Terms\"}]},{\"@type\":\"WebSite\",\"@id\":\"https:\/\/www.hubergut.at\/en\/#website\",\"url\":\"https:\/\/www.hubergut.at\/en\/\",\"name\":\"Hubergut\",\"description\":\"\",\"potentialAction\":[{\"@type\":\"SearchAction\",\"target\":{\"@type\":\"EntryPoint\",\"urlTemplate\":\"https:\/\/www.hubergut.at\/en\/?s={search_term_string}\"},\"query-input\":{\"@type\":\"PropertyValueSpecification\",\"valueRequired\":true,\"valueName\":\"search_term_string\"}}],\"inLanguage\":\"en-US\"}]}<\/script>\n<!-- \/ Yoast SEO plugin. -->","yoast_head_json":{"title":"Terms - Hubergut","robots":{"index":"index","follow":"follow","max-snippet":"max-snippet:-1","max-image-preview":"max-image-preview:large","max-video-preview":"max-video-preview:-1"},"canonical":"https:\/\/www.hubergut.at\/en\/terms\/","og_locale":"en_US","og_type":"article","og_title":"Terms - Hubergut","og_description":"TermsWebsite operatorApartments Juche! Theresia and Sepp Ebster Sch\u00fcttstrasse 6 A-5550 Radstadt Tel.&nbsp;+43 664 300 32 23 send emailPhoto creditsKarl Strauch Thomas Stiegler Tourismusverband Radstadt Tourismusverband Radstadt\/Lorenz Masser, Markus Rohrbacher, Hans Huber Salzburger Sportwelt\/Coen Weesjes, Tom Lamm Erlebnis-Therme Amad\u00e9 Golfclub Radstadt\/Armin Walcher SalzburgerLand Tourismus Shutterstock PrivatConcept, web design &amp; technical implementation&nbsp;IMPULS Werbeagentur OG Stadtplatz 11 A-5550 [&hellip;]","og_url":"https:\/\/www.hubergut.at\/en\/terms\/","og_site_name":"Hubergut","article_modified_time":"2020-05-20T08:50:32+00:00","og_image":[{"url":"https:\/\/www.www.hubergut.at\/wp-content\/uploads\/visualcomposer-assets\/templates\/5caf2458a5659\/assets\/elements\/informationspflicht_logo_wko.jpg","type":"","width":"","height":""}],"twitter_card":"summary_large_image","twitter_misc":{"Est. reading time":"3 minutes"},"schema":{"@context":"https:\/\/schema.org","@graph":[{"@type":"WebPage","@id":"https:\/\/www.hubergut.at\/en\/terms\/","url":"https:\/\/www.hubergut.at\/en\/terms\/","name":"Terms - Hubergut","isPartOf":{"@id":"https:\/\/www.hubergut.at\/en\/#website"},"primaryImageOfPage":{"@id":"https:\/\/www.hubergut.at\/en\/terms\/#primaryimage"},"image":{"@id":"https:\/\/www.hubergut.at\/en\/terms\/#primaryimage"},"thumbnailUrl":"https:\/\/www.www.hubergut.at\/wp-content\/uploads\/visualcomposer-assets\/templates\/5caf2458a5659\/assets\/elements\/informationspflicht_logo_wko.jpg","datePublished":"2018-09-26T14:25:50+00:00","dateModified":"2020-05-20T08:50:32+00:00","breadcrumb":{"@id":"https:\/\/www.hubergut.at\/en\/terms\/#breadcrumb"},"inLanguage":"en-US","potentialAction":[{"@type":"ReadAction","target":["https:\/\/www.hubergut.at\/en\/terms\/"]}]},{"@type":"ImageObject","inLanguage":"en-US","@id":"https:\/\/www.hubergut.at\/en\/terms\/#primaryimage","url":"https:\/\/www.www.hubergut.at\/wp-content\/uploads\/visualcomposer-assets\/templates\/5caf2458a5659\/assets\/elements\/informationspflicht_logo_wko.jpg","contentUrl":"https:\/\/www.www.hubergut.at\/wp-content\/uploads\/visualcomposer-assets\/templates\/5caf2458a5659\/assets\/elements\/informationspflicht_logo_wko.jpg"},{"@type":"BreadcrumbList","@id":"https:\/\/www.hubergut.at\/en\/terms\/#breadcrumb","itemListElement":[{"@type":"ListItem","position":1,"name":"Startseite","item":"https:\/\/www.hubergut.at\/en\/"},{"@type":"ListItem","position":2,"name":"Terms"}]},{"@type":"WebSite","@id":"https:\/\/www.hubergut.at\/en\/#website","url":"https:\/\/www.hubergut.at\/en\/","name":"Hubergut","description":"","potentialAction":[{"@type":"SearchAction","target":{"@type":"EntryPoint","urlTemplate":"https:\/\/www.hubergut.at\/en\/?s={search_term_string}"},"query-input":{"@type":"PropertyValueSpecification","valueRequired":true,"valueName":"search_term_string"}}],"inLanguage":"en-US"}]}},"_links":{"self":[{"href":"https:\/\/www.hubergut.at\/en\/wp-json\/wp\/v2\/pages\/2036","targetHints":{"allow":["GET"]}}],"collection":[{"href":"https:\/\/www.hubergut.at\/en\/wp-json\/wp\/v2\/pages"}],"about":[{"href":"https:\/\/www.hubergut.at\/en\/wp-json\/wp\/v2\/types\/page"}],"author":[{"embeddable":true,"href":"https:\/\/www.hubergut.at\/en\/wp-json\/wp\/v2\/users\/1"}],"replies":[{"embeddable":true,"href":"https:\/\/www.hubergut.at\/en\/wp-json\/wp\/v2\/comments?post=2036"}],"version-history":[{"count":0,"href":"https:\/\/www.hubergut.at\/en\/wp-json\/wp\/v2\/pages\/2036\/revisions"}],"wp:attachment":[{"href":"https:\/\/www.hubergut.at\/en\/wp-json\/wp\/v2\/media?parent=2036"}],"curies":[{"name":"wp","href":"https:\/\/api.w.org\/{rel}","templated":true}]}}